{"id":642,"date":"2018-12-28T15:19:27","date_gmt":"2018-12-28T15:19:27","guid":{"rendered":"https:\/\/www.vitacress.pt\/producao\/"},"modified":"2021-04-20T08:54:07","modified_gmt":"2021-04-20T08:54:07","slug":"producao","status":"publish","type":"page","link":"https:\/\/www.vitacress.pt\/es\/vitacress\/producao\/","title":{"rendered":"Producci\u00f3n"},"content":{"rendered":"<p>[vc_row type=\u00bbvc_default\u00bb gap=\u00bb30&#8243;][vc_column][vc_column_text]<\/p>\n<h1 style=\"text-align: center;\"><span style=\"color: #80af45;\">nuestra <b>producci\u00f3n<\/b><\/span><\/h1>\n<h2 style=\"text-align: center;\"><span style=\"color: #333333;\"><strong>Lo mejor que nos da la tierra, en un clima \u00fanico<\/strong><\/span><\/h2>\n<p>[\/vc_column_text][\/vc_column][\/vc_row][vc_row type=\u00bbvc_default\u00bb gap=\u00bb30&#8243; css=\u00bb.vc_custom_1545303232227{margin-bottom: 30px !important;}\u00bb][vc_column][vc_column_text]<strong><span style=\"color: #333333;\">En nuestras fincas comienza la producci\u00f3n de las hojas baby, 365 d\u00edas al a\u00f1o: mezclamos las semillas, el entorno y el conocimiento para conseguir las mejores cosechas de la forma m\u00e1s sostenible.<\/span><\/strong><\/p>\n<p><span style=\"font-weight: 400; color: #333333;\">En Portugal, nos encontramos entre el Sudoeste alentejano y el Algarve, tierras templadas por la brisa del mar e iluminadas por el calor del sol, en un lugar \u00fanico en plena armon\u00eda con la naturaleza. Son 280 hect\u00e1reas de producci\u00f3n, 90% \u00a0al aire libre.<\/span>[\/vc_column_text][\/vc_column][\/vc_row][vc_row type=\u00bbvc_default\u00bb gap=\u00bb30&#8243; content_placement=\u00bbmiddle\u00bb][vc_column width=\u00bb1\/2&#8243;][vc_video link=\u00bbhttps:\/\/www.youtube.com\/watch?v=K50RHpcgdjY&amp;t=2s\u00bb][\/vc_column][vc_column width=\u00bb1\/2&#8243;][vc_column_text]<\/p>\n<h2><strong><span style=\"color: #333333;\">Fincas<\/span><\/strong><\/h2>\n<p>[\/vc_column_text][vc_column_text]<span style=\"font-weight: 400;\">Odemira acoge la sede de Vitacress y dos de nuestras fincas: <\/span><i><span style=\"font-weight: 400;\">Quinta da Boavista<\/span><\/i><span style=\"font-weight: 400;\">, donde producimos mayoritariamente biol\u00f3gicos y hierbas arom\u00e1ticas, y <\/span><i><span style=\"font-weight: 400;\">Quinta da Azenha<\/span><\/i><span style=\"font-weight: 400;\">, donde crecen las restantes hojas baby. Almancil fue la cuna de Vitacress y es donde mantenemos nuestra finca de producci\u00f3n de berros.<\/span>[\/vc_column_text][\/vc_column][\/vc_row][vc_row type=\u00bbvc_default\u00bb gap=\u00bb30&#8243; css=\u00bb.vc_custom_1545303232227{margin-bottom: 30px !important;}\u00bb][vc_column][vc_column_text]<\/p>\n<h2><strong><span style=\"color: #333333;\">Hojas baby<\/span><\/strong><\/h2>\n<p>[\/vc_column_text][vc_column_text]La esencia de Vitacress est\u00e1 en la producci\u00f3n de hojas baby: son hojas j\u00f3venes y por ello m\u00e1s tiernas, nutritivas y sabrosas. Al cosecharse enteras poseen menos puntos de oxidaci\u00f3n, manteniendo todas sus propiedades y sabor durante m\u00e1s tiempo.[\/vc_column_text][\/vc_column][\/vc_row][vc_row type=\u00bbvc_default\u00bb full_width=\u00bbstretch_row_content_no_spaces\u00bb gap=\u00bb30&#8243; bg_type=\u00bbimage\u00bb parallax_style=\u00bbvcpb-default\u00bb bg_image_new=\u00bbid^545|url^https:\/\/vitacress.hostpi6.com\/content-files\/uploads\/2018\/12\/img_separador_folhasbaby.jpg|caption^null|alt^null|title^img_separador_folhasbaby|description^null\u00bb bg_image_repeat=\u00bbno-repeat\u00bb css=\u00bb.vc_custom_1545846354575{margin-bottom: 30px !important;}\u00bb][vc_column]<div class=\"ult-spacer spacer-69dee76c4a5fc\" data-id=\"69dee76c4a5fc\" data-height=\"400\" data-height-mobile=\"400\" data-height-tab=\"400\" data-height-tab-portrait=\"\" data-height-mobile-landscape=\"\" style=\"clear:both;display:block;\"><\/div>[\/vc_column][\/vc_row][vc_row type=\u00bbvc_default\u00bb gap=\u00bb30&#8243; css=\u00bb.vc_custom_1545420938215{margin-bottom: 10px !important;}\u00bb][vc_column][vc_column_text]<\/p>\n<h2><strong><span style=\"color: #333300;\">Agricultura biol\u00f3gica: l\u00f3gicamente, define nuestra cultura<\/span><\/strong><\/h2>\n<p>[\/vc_column_text][\/vc_column][\/vc_row][vc_row type=\u00bbvc_default\u00bb gap=\u00bb30&#8243; css=\u00bb.vc_custom_1545303232227{margin-bottom: 30px !important;}\u00bb][vc_column width=\u00bb1\/2&#8243;][vc_column_text]<span style=\"font-weight: 400;\">Hace 16 a\u00f1os comenzamos a producir de forma biol\u00f3gica y seguimos depurando nuestra t\u00e9cnica cada d\u00eda a pesar de que, en 2018, este tipo de cultivo representaba el 11% del total, tenemos en curso la conversi\u00f3n de suelos que nos permitir\u00e1 triplicar este volumen en los pr\u00f3ximos 3 a 4 a\u00f1os.<\/span>[\/vc_column_text][\/vc_column][vc_column width=\u00bb1\/2&#8243;][vc_column_text]<span style=\"font-weight: 400;\">Dem\u00e1s, dedicamos el 10% de nuestros terrenos al aumento de la biodiversidad a trav\u00e9s de plantas que producen tanto alimento como abrigo para varias especies animales, especialmente insectos, y por esa raz\u00f3n son auxiliares para el control de plagas indeseables.<\/span>[\/vc_column_text][\/vc_column][\/vc_row][vc_row][vc_column][vc_single_image image=\u00bb7233&#8243;][\/vc_column][\/vc_row]<\/p>\n","protected":false},"excerpt":{"rendered":"<p>[vc_row type=\u00bbvc_default\u00bb gap=\u00bb30&#8243;][vc_column][vc_column_text] nuestra producci\u00f3n Lo mejor que nos da la tierra, en un clima \u00fanico [\/vc_column_text][\/vc_column][\/vc_row][vc_row type=\u00bbvc_default\u00bb gap=\u00bb30&#8243; css=\u00bb.vc_custom_1545303232227{margin-bottom: 30px !important;}\u00bb][vc_column][vc_column_text]En nuestras fincas comienza la producci\u00f3n de las hojas baby, 365 d\u00edas al a\u00f1o: mezclamos las semillas, el entorno y el conocimiento para conseguir las mejores cosechas de la forma m\u00e1s sostenible. En Portugal,&hellip;<\/p>\n","protected":false},"author":2,"featured_media":0,"parent":644,"menu_order":0,"comment_status":"closed","ping_status":"closed","template":"","meta":{"_acf_changed":false},"acf":[],"_links":{"self":[{"href":"https:\/\/www.vitacress.pt\/es\/wp-json\/wp\/v2\/pages\/642"}],"collection":[{"href":"https:\/\/www.vitacress.pt\/es\/wp-json\/wp\/v2\/pages"}],"about":[{"href":"https:\/\/www.vitacress.pt\/es\/wp-json\/wp\/v2\/types\/page"}],"author":[{"embeddable":true,"href":"https:\/\/www.vitacress.pt\/es\/wp-json\/wp\/v2\/users\/2"}],"replies":[{"embeddable":true,"href":"https:\/\/www.vitacress.pt\/es\/wp-json\/wp\/v2\/comments?post=642"}],"version-history":[{"count":16,"href":"https:\/\/www.vitacress.pt\/es\/wp-json\/wp\/v2\/pages\/642\/revisions"}],"predecessor-version":[{"id":11618,"href":"https:\/\/www.vitacress.pt\/es\/wp-json\/wp\/v2\/pages\/642\/revisions\/11618"}],"up":[{"embeddable":true,"href":"https:\/\/www.vitacress.pt\/es\/wp-json\/wp\/v2\/pages\/644"}],"wp:attachment":[{"href":"https:\/\/www.vitacress.pt\/es\/wp-json\/wp\/v2\/media?parent=642"}],"curies":[{"name":"wp","href":"https:\/\/api.w.org\/{rel}","templated":true}]}}