{"id":634,"date":"2018-12-28T15:14:45","date_gmt":"2018-12-28T15:14:45","guid":{"rendered":"https:\/\/www.vitacress.pt\/sustentabilidade-responsabilidade-social\/"},"modified":"2024-10-17T20:11:52","modified_gmt":"2024-10-17T20:11:52","slug":"sustentabilidade-responsabilidade-social","status":"publish","type":"page","link":"https:\/\/www.vitacress.pt\/es\/vitacress\/sustentabilidade-responsabilidade-social\/","title":{"rendered":"Sostenibilidad &#038; Responsabilidad Social"},"content":{"rendered":"<p>[vc_row type=\u00bbvc_default\u00bb gap=\u00bb15&#8243;][vc_column offset=\u00bbvc_hidden-sm vc_hidden-xs\u00bb][vc_column_text]<\/p>\n<h1 style=\"text-align: center;\">sostenibilidad<\/h1>\n<p>[\/vc_column_text][vc_column_text]<\/p>\n<h2 style=\"text-align: center;\"><strong><span style=\"color: #333333;\"><b>Agricultura sostenible<\/b><\/span><\/strong><\/h2>\n<p>[\/vc_column_text][\/vc_column][\/vc_row][vc_row type=\u00bbvc_default\u00bb gap=\u00bb15&#8243;][vc_column offset=\u00bbvc_hidden-lg vc_hidden-md\u00bb][vc_column_text]<\/p>\n<h1 style=\"text-align: center;\"><strong>sostenibilidad<\/strong><\/h1>\n<p>[\/vc_column_text][vc_column_text]<\/p>\n<h2 style=\"text-align: center;\"><strong><span style=\"color: #333333;\"><b>Agricultura<br \/>\n<\/b><\/span><\/strong><strong><span style=\"color: #333333;\"><b>sostenible<\/b><\/span><\/strong><\/h2>\n<p>[\/vc_column_text][\/vc_column][\/vc_row][vc_row type=\u00bbvc_default\u00bb gap=\u00bb15&#8243;][vc_column][vc_column_text]En Vitacress la sostenibilidad se basa en cuatro pol\u00edticas que permiten garantizar un impacto positivo sin comprometer los recursos que ser\u00e1n necesarios para las generaciones futuras.[\/vc_column_text][\/vc_column][\/vc_row][vc_row type=\u00bbvc_default\u00bb gap=\u00bb30&#8243;][vc_column width=\u00bb1\/2&#8243;][vc_column_text]<b>Medio ambiente (engloba el agua, los residuos, la energ\u00eda, los suelos, la protecci\u00f3n de las diferentes culturas y la biodiversidad):<\/b><\/p>\n<p><span style=\"font-weight: 400;\">Para nosotros, solo existe un camino: preservar todo aquello que es natural. La pasi\u00f3n y el respeto por el medio ambiente nos hacen querer ir m\u00e1s lejos en todo lo que hacemos. Nos comprometemos a utilizar de forma sostenible los recursos naturales que tenemos a nuestra disposici\u00f3n, apostando por las mejores t\u00e9cnicas y por las buenas pr\u00e1cticas agr\u00edcolas y de producci\u00f3n, garantizando la sostenibilidad medioambiental y del ecosistema, reconocidas por las normas Global G.A.P., LEAF e ISO 14001, por las cuales estamos certificados.<\/span>[\/vc_column_text][vc_column_text]<a href=\"https:\/\/www.vitacress.pt\/wp-content\/uploads\/2024\/10\/Politica-de-Seguranca-e-Ambiente-2021-spanish-version.pdf\"><b>Ver pol\u00edtica de salud e seguridad en el trabajo e ambiental<\/b><\/a>[\/vc_column_text][\/vc_column][vc_column width=\u00bb1\/2&#8243;][vc_column_text]<b>Salud y seguridad en el trabajo:<br \/>\n<\/b><\/p>\n<p>&nbsp;<\/p>\n<p><span style=\"font-weight: 400;\">Vitacress asume el compromiso de gestionar sus propios recursos asegurando la seguridad, la salud y el bienestar de las personas que abarca su actividad, actuando siempre desde la perspectiva de la protecci\u00f3n, tanto a nivel de ocurrencia de incidentes como de enfermedades profesionales. Vitacress promueve adem\u00e1s la formaci\u00f3n, informaci\u00f3n y comunicaci\u00f3n interna enfocada al desarrollo sostenible de la cultura de la seguridad y la salud en el trabajo, reconocido por la certificaci\u00f3n OSHAS 18001.<\/span>[\/vc_column_text][vc_column_text]<a href=\"https:\/\/www.vitacress.pt\/wp-content\/uploads\/2024\/10\/Politica-de-Seguranca-e-Ambiente-2021-spanish-version.pdf\"><b>Ver pol\u00edtica de salud e seguridad en el trabajo e ambiental<\/b><\/a>[\/vc_column_text][\/vc_column][\/vc_row][vc_row type=\u00bbvc_default\u00bb gap=\u00bb30&#8243;][vc_column width=\u00bb1\/2&#8243;][vc_column_text]<\/p>\n<p><b>Calidad y seguridad alimentaria<\/b><\/p>\n<p>&nbsp;<\/p>\n<p><span style=\"font-weight: 400;\">Con el objetivo de ofrecer productos m\u00e1s frescos, sabrosos y saludables durante todo el a\u00f1o, las buenas pr\u00e1cticas agr\u00edcolas y de procesamiento de Vitacress han sido reconocidas por Global G.A.P. y BRC, garantizando unos elevados niveles de calidad y seguridad del producto de manera consistente y en cumplimiento de los requisitos legales as\u00ed como de las normativas nacionales, internacionales y de los clientes.<\/span><\/p>\n<p><span style=\"font-weight: 400;\">Estamos orgullosos de contar con personal responsable cuyas acciones buscan la protecci\u00f3n de la naturaleza, el \u00e9xito de nuestro negocio y la calidad de la vida de las comunidades en las que estamos presentes.\u00a0<\/span>[\/vc_column_text][vc_column_text]<a href=\"\/content-files\/uploads\/2019\/08\/Politica-de-Calidad-Y-Seguridad-Alimentaria-2019-ES.pdf\"><b>Ver pol\u00edtica de calidad y seguridad alimentaria<\/b><\/a>[\/vc_column_text][\/vc_column][vc_column width=\u00bb1\/2&#8243;][vc_single_image image=\u00bb895&#8243; img_size=\u00bbfull\u00bb alignment=\u00bbcenter\u00bb image_hovers=\u00bbfalse\u00bb][\/vc_column][\/vc_row][vc_row type=\u00bbvc_default\u00bb full_width=\u00bbstretch_row\u00bb gap=\u00bb30&#8243; bg_type=\u00bbimage\u00bb parallax_style=\u00bbvcpb-default\u00bb bg_image_new=\u00bbid^317|url^https:\/\/vitacress.hostpi6.com\/content-files\/uploads\/2018\/12\/sustentabilidade_separador.jpg|caption^null|alt^null|title^sustentabilidade_separador|description^null\u00bb bg_image_repeat=\u00bbno-repeat\u00bb][vc_column]<div class=\"ult-spacer spacer-69dee91fbf59d\" data-id=\"69dee91fbf59d\" data-height=\"500\" data-height-mobile=\"500\" data-height-tab=\"500\" data-height-tab-portrait=\"\" data-height-mobile-landscape=\"\" style=\"clear:both;display:block;\"><\/div>[\/vc_column][\/vc_row][vc_row type=\u00bbvc_default\u00bb gap=\u00bb30&#8243; css=\u00bb.vc_custom_1545334347687{margin-bottom: 30px !important;}\u00bb][vc_column][vc_column_text]<\/p>\n<h1 style=\"text-align: center;\">responsabilidad social<\/h1>\n<h2 style=\"text-align: center;\"><span style=\"color: #333333;\">Vitacress apoya varias instituciones y proyectos<b>.<\/b><\/span><\/h2>\n<p>[\/vc_column_text][vc_column_text]<span style=\"font-weight: 400;\">Vitacress asume su responsabilidad en relaci\u00f3n con las personas y con las comunidades que le rodean a trav\u00e9s de protocolos de colaboraci\u00f3n con diversas instituciones a nivel nacional. En este sentido, donamos productos para lotes sociales, integramos personas discapacitadas en el entorno laboral, creamos huertos pedag\u00f3gicos, apoyamos acciones de desarrollo local, proyectos de protecci\u00f3n ambiental y formaci\u00f3n acad\u00e9mica de j\u00f3venes en edad escolar, y nos implicamos adem\u00e1s en proyectos de investigaci\u00f3n cient\u00edfica.<\/span>[\/vc_column_text][\/vc_column][\/vc_row][vc_row type=\u00bbvc_default\u00bb gap=\u00bb30&#8243;][vc_column width=\u00bb1\/2&#8243;][vc_column_text]<\/p>\n<h5><b>En el \u00e1mbito de la Responsabilidad Social Vitacress asumi\u00f3 protocolos de colaboraci\u00f3n con varias instituciones a nivel nacional. Esta colaboraci\u00f3n se centra en:<\/b><\/h5>\n<ul>\n<li>La donaci\u00f3n de productos destinados a cestas sociales y a la elaboraci\u00f3n de comidas.<\/li>\n<li>La integraci\u00f3n de personas con discapacidad en el contexto laboral.<\/li>\n<li>La creaci\u00f3n de huertas pedag\u00f3gicas.<\/li>\n<li>El apoyo a eventos de desarrollo local.<\/li>\n<li>El apoyo a proyectos de protecci\u00f3n ambiental.<\/li>\n<li>El apoyo a la formaci\u00f3n profesional de j\u00f3venes en edad escolar.<\/li>\n<li>El apoyo a proyectos de investigaci\u00f3n.<\/li>\n<\/ul>\n<p>[\/vc_column_text][\/vc_column][vc_column width=\u00bb1\/2&#8243;][vc_single_image image=\u00bb722&#8243; img_size=\u00bbfull\u00bb alignment=\u00bbcenter\u00bb image_hovers=\u00bbfalse\u00bb][\/vc_column][\/vc_row]<\/p>\n","protected":false},"excerpt":{"rendered":"<p>[vc_row type=\u00bbvc_default\u00bb gap=\u00bb15&#8243;][vc_column offset=\u00bbvc_hidden-sm vc_hidden-xs\u00bb][vc_column_text] sostenibilidad [\/vc_column_text][vc_column_text] Agricultura sostenible [\/vc_column_text][\/vc_column][\/vc_row][vc_row type=\u00bbvc_default\u00bb gap=\u00bb15&#8243;][vc_column offset=\u00bbvc_hidden-lg vc_hidden-md\u00bb][vc_column_text] sostenibilidad [\/vc_column_text][vc_column_text] Agricultura sostenible [\/vc_column_text][\/vc_column][\/vc_row][vc_row type=\u00bbvc_default\u00bb gap=\u00bb15&#8243;][vc_column][vc_column_text]En Vitacress la sostenibilidad se basa en cuatro pol\u00edticas que permiten garantizar un impacto positivo sin comprometer los recursos que ser\u00e1n necesarios para las generaciones futuras.[\/vc_column_text][\/vc_column][\/vc_row][vc_row type=\u00bbvc_default\u00bb gap=\u00bb30&#8243;][vc_column width=\u00bb1\/2&#8243;][vc_column_text]Medio ambiente (engloba el agua, los residuos,&hellip;<\/p>\n","protected":false},"author":2,"featured_media":0,"parent":644,"menu_order":0,"comment_status":"closed","ping_status":"closed","template":"","meta":{"_acf_changed":false},"acf":[],"_links":{"self":[{"href":"https:\/\/www.vitacress.pt\/es\/wp-json\/wp\/v2\/pages\/634"}],"collection":[{"href":"https:\/\/www.vitacress.pt\/es\/wp-json\/wp\/v2\/pages"}],"about":[{"href":"https:\/\/www.vitacress.pt\/es\/wp-json\/wp\/v2\/types\/page"}],"author":[{"embeddable":true,"href":"https:\/\/www.vitacress.pt\/es\/wp-json\/wp\/v2\/users\/2"}],"replies":[{"embeddable":true,"href":"https:\/\/www.vitacress.pt\/es\/wp-json\/wp\/v2\/comments?post=634"}],"version-history":[{"count":23,"href":"https:\/\/www.vitacress.pt\/es\/wp-json\/wp\/v2\/pages\/634\/revisions"}],"predecessor-version":[{"id":22073,"href":"https:\/\/www.vitacress.pt\/es\/wp-json\/wp\/v2\/pages\/634\/revisions\/22073"}],"up":[{"embeddable":true,"href":"https:\/\/www.vitacress.pt\/es\/wp-json\/wp\/v2\/pages\/644"}],"wp:attachment":[{"href":"https:\/\/www.vitacress.pt\/es\/wp-json\/wp\/v2\/media?parent=634"}],"curies":[{"name":"wp","href":"https:\/\/api.w.org\/{rel}","templated":true}]}}