{"id":4680,"date":"2019-07-29T15:53:43","date_gmt":"2019-07-29T15:53:43","guid":{"rendered":"https:\/\/www.vitacress.pt\/?page_id=4680"},"modified":"2023-10-20T16:42:12","modified_gmt":"2023-10-20T16:42:12","slug":"catalogo-de-productos-2","status":"publish","type":"page","link":"https:\/\/www.vitacress.pt\/es\/catalogo-de-productos-2\/","title":{"rendered":"Cat\u00e1logo de Productos"},"content":{"rendered":"<p>[vc_row][vc_column][vc_column_text]<\/p>\n<h1 style=\"text-align: center;\">Nuestros Productos<\/h1>\n<h2 style=\"text-align: center;\"><strong><span style=\"color: #000000;\">Frescos hasta su mesa<\/span><\/strong><\/h2>\n<p>[\/vc_column_text][\/vc_column][\/vc_row][vc_row type=\u00bbvc_default\u00bb equal_height=\u00bbyes\u00bb][vc_column width=\u00bb1\/4&#8243;][vc_single_image image=\u00bb17774&#8243; img_size=\u00bbfull\u00bb alignment=\u00bbcenter\u00bb onclick=\u00bbcustom_link\u00bb image_hovers=\u00bbfalse\u00bb css=\u00bb.vc_custom_1697819957903{margin-bottom: 0px !important;border-bottom-width: 0px !important;padding-bottom: 0px !important;}\u00bb link=\u00bb\/es\/catalogo-productos-ensaladas\/\u00bb][vc_column_text css=\u00bb.vc_custom_1561738945951{margin-top: 0px !important;margin-bottom: 3px !important;border-top-width: 0px !important;border-bottom-width: 0px !important;padding-top: 0px !important;padding-bottom: 0px !important;}\u00bb]<\/p>\n<h4 style=\"text-align: center;\"><span style=\"color: #333333;\"><a style=\"color: #333333;\" href=\"https:\/\/www.vitacress.pt\/es\/catalogo-productos-ensaladas\/\">Ensaladas<\/a><\/span><\/h4>\n<p>[\/vc_column_text][vc_column_text css=\u00bb.vc_custom_1561738979781{margin-top: 0px !important;border-top-width: 0px !important;padding-top: 0px !important;}\u00bb]<\/p>\n<h6 style=\"text-align: center;\"><span style=\"color: #333333;\">Distintas mezclas de hojas baby, con ingredientes diferenciadores e innovadores, lavados y listos para consumir.<\/span><\/h6>\n<p>[\/vc_column_text][\/vc_column][vc_column width=\u00bb1\/4&#8243;][vc_single_image image=\u00bb2495&#8243; img_size=\u00bbfull\u00bb alignment=\u00bbcenter\u00bb onclick=\u00bbcustom_link\u00bb image_hovers=\u00bbfalse\u00bb css=\u00bb.vc_custom_1561725984245{margin-bottom: 0px !important;border-bottom-width: 0px !important;padding-bottom: 0px !important;}\u00bb link=\u00bb\/es\/catalogo-productos-hojas-para-sopa\/\u00bb][vc_column_text css=\u00bb.vc_custom_1561727068002{margin-top: 0px !important;margin-bottom: 3px !important;border-top-width: 0px !important;border-bottom-width: 0px !important;padding-top: 0px !important;padding-bottom: 0px !important;}\u00bb]<\/p>\n<h4 style=\"text-align: center;\"><span style=\"color: #333333;\"><a style=\"color: #333333;\" href=\"https:\/\/www.vitacress.pt\/es\/catalogo-productos-hojas-para-sopa\/\">Hojas para Sopa<\/a><\/span><\/h4>\n<p>[\/vc_column_text][vc_column_text css=\u00bb.vc_custom_1561727076112{margin-top: 0px !important;border-top-width: 0px !important;padding-top: 0px !important;}\u00bb]<\/p>\n<h6 style=\"text-align: center;\"><span style=\"color: #333333;\">Las combinaciones de hojas perfectas, para a\u00f1adir a su base de sopa de siempre. Lavadas y<\/span><br \/>\n<span style=\"color: #333333;\">listas para poner en la sart\u00e9n o en el plato.<\/span><\/h6>\n<p>[\/vc_column_text][\/vc_column][vc_column width=\u00bb1\/4&#8243;][vc_single_image image=\u00bb17777&#8243; img_size=\u00bbfull\u00bb alignment=\u00bbcenter\u00bb onclick=\u00bbcustom_link\u00bb image_hovers=\u00bbfalse\u00bb css=\u00bb.vc_custom_1697819995560{margin-bottom: 0px !important;border-bottom-width: 0px !important;padding-bottom: 0px !important;}\u00bb link=\u00bb\/es\/catalogo-productos-monoproductos\/\u00bb][vc_column_text css=\u00bb.vc_custom_1561726991373{margin-top: 0px !important;margin-bottom: 3px !important;border-top-width: 0px !important;border-bottom-width: 0px !important;padding-top: 0px !important;padding-bottom: 0px !important;}\u00bb]<\/p>\n<h4 style=\"text-align: center;\"><span style=\"color: #333333;\">Monoproductos<\/span><\/h4>\n<p>[\/vc_column_text][vc_column_text css=\u00bb.vc_custom_1561726982292{margin-top: 0px !important;border-top-width: 0px !important;padding-top: 0px !important;}\u00bb]<\/p>\n<h6 style=\"text-align: center;\"><span style=\"color: #333333;\">Sus hojas preferidas, para crear su propia mezcla o usarlas individualmente.<\/span><\/h6>\n<p>[\/vc_column_text][\/vc_column][vc_column width=\u00bb1\/4&#8243;][vc_single_image image=\u00bb17780&#8243; img_size=\u00bbfull\u00bb alignment=\u00bbcenter\u00bb onclick=\u00bbcustom_link\u00bb image_hovers=\u00bbfalse\u00bb css=\u00bb.vc_custom_1697820011889{margin-bottom: 0px !important;border-bottom-width: 0px !important;padding-bottom: 0px !important;}\u00bb link=\u00bb\/es\/catalogo-productos-vegetales\/\u00bb][vc_column_text css=\u00bb.vc_custom_1561727972225{margin-top: 0px !important;margin-bottom: 3px !important;border-top-width: 0px !important;border-bottom-width: 0px !important;padding-top: 0px !important;padding-bottom: 0px !important;}\u00bb]<\/p>\n<h4 style=\"text-align: center;\"><span style=\"color: #333333;\"><a style=\"color: #333333;\" href=\"https:\/\/www.vitacress.pt\/es\/catalogo-productos-vegetales\/\">Vegetales<\/a><\/span><\/h4>\n<p>[\/vc_column_text][vc_column_text css=\u00bb.vc_custom_1561727984329{margin-top: 0px !important;border-top-width: 0px !important;padding-top: 0px !important;}\u00bb]<\/p>\n<h6 style=\"text-align: center;\"><span style=\"color: #333333;\">Vegetales seleccionadas y de alta calidad, un complemento para su ensalada o comida.<\/span><\/h6>\n<p>[\/vc_column_text][\/vc_column][\/vc_row][vc_row type=\u00bbvc_default\u00bb equal_height=\u00bbyes\u00bb][vc_column width=\u00bb1\/4&#8243;][vc_single_image image=\u00bb17792&#8243; img_size=\u00bbfull\u00bb alignment=\u00bbcenter\u00bb onclick=\u00bbcustom_link\u00bb image_hovers=\u00bbfalse\u00bb css=\u00bb.vc_custom_1697820032950{margin-bottom: 0px !important;border-bottom-width: 0px !important;padding-bottom: 0px !important;}\u00bb link=\u00bb\/es\/catalogo-productos-hiervas-aromaticas\/\u00bb][vc_column_text css=\u00bb.vc_custom_1561727092200{margin-top: 0px !important;margin-bottom: 3px !important;border-top-width: 0px !important;border-bottom-width: 0px !important;padding-top: 0px !important;padding-bottom: 0px !important;}\u00bb]<\/p>\n<h4 style=\"text-align: center;\"><span style=\"color: #333333;\"><a style=\"color: #333333;\" href=\"https:\/\/www.vitacress.pt\/es\/catalogo-productos-hiervas-aromaticas\/\">Hiervas Arom\u00e1ticas<\/a><\/span><\/h4>\n<p>[\/vc_column_text][vc_column_text css=\u00bb.vc_custom_1561727099956{margin-top: 0px !important;border-top-width: 0px !important;padding-top: 0px !important;}\u00bb]<\/p>\n<h6 style=\"text-align: center;\"><span style=\"color: #333333;\">Adem\u00e1s de una fuente de nutrientes, las hierbas arom\u00e1ticas permiten crear platos sabrosos, pudiendo adem\u00e1s ser usadas como alternativa a la sal.<\/span><\/h6>\n<p>[\/vc_column_text][\/vc_column][vc_column width=\u00bb1\/4&#8243;][vc_single_image image=\u00bb2504&#8243; img_size=\u00bbfull\u00bb alignment=\u00bbcenter\u00bb onclick=\u00bbcustom_link\u00bb image_hovers=\u00bbfalse\u00bb css=\u00bb.vc_custom_1561729999144{margin-bottom: 0px !important;border-bottom-width: 0px !important;padding-bottom: 0px !important;}\u00bb link=\u00bb\/es\/catalogo-productos-vitacress-minute\/\u00bb][vc_column_text css=\u00bb.vc_custom_1561730066271{margin-top: 0px !important;margin-bottom: 3px !important;border-top-width: 0px !important;border-bottom-width: 0px !important;padding-top: 0px !important;padding-bottom: 0px !important;}\u00bb]<\/p>\n<h4 style=\"text-align: center;\"><span style=\"color: #333333;\"><a style=\"color: #333333;\" href=\"https:\/\/www.vitacress.pt\/es\/catalogo-productos-vitacress-minute\/\">Vitacress Minute<\/a><\/span><\/h4>\n<p>[\/vc_column_text][vc_column_text css=\u00bb.vc_custom_1561730056822{margin-top: 0px !important;border-top-width: 0px !important;padding-top: 0px !important;}\u00bb]<\/p>\n<h6 style=\"text-align: center;\"><span style=\"color: #333333;\">Basada en una alimentaci\u00f3n equilibrada, desarrollamos alimentos nutritivos y sabrosos, listos para comer o para llevar.<\/span><\/h6>\n<p>[\/vc_column_text][\/vc_column][vc_column width=\u00bb1\/4&#8243;][vc_single_image image=\u00bb17783&#8243; img_size=\u00bbfull\u00bb alignment=\u00bbcenter\u00bb onclick=\u00bbcustom_link\u00bb image_hovers=\u00bbfalse\u00bb css=\u00bb.vc_custom_1697820048722{margin-bottom: 0px !important;border-bottom-width: 0px !important;padding-bottom: 0px !important;}\u00bb link=\u00bb\/es\/catalogo-productos-snacks\/\u00bb][vc_column_text css=\u00bb.vc_custom_1561728352619{margin-top: 0px !important;margin-bottom: 3px !important;border-top-width: 0px !important;border-bottom-width: 0px !important;padding-top: 0px !important;padding-bottom: 0px !important;}\u00bb]<\/p>\n<h4 style=\"text-align: center;\"><a href=\"https:\/\/www.vitacress.pt\/es\/catalogo-productos-snacks\/\"><span style=\"color: #333333;\">Snacks<\/span><\/a><\/h4>\n<p>[\/vc_column_text][vc_column_text css=\u00bb.vc_custom_1561728108131{margin-top: 0px !important;border-top-width: 0px !important;padding-top: 0px !important;}\u00bb]<\/p>\n<h6 style=\"text-align: center;\"><span style=\"color: #333333;\">Para una pausa saludable en cualquier lugar: en la oficina, en el coche, en la escuela, en el gimnasio o en la playa.<\/span><\/h6>\n<p>[\/vc_column_text][\/vc_column][vc_column width=\u00bb1\/4&#8243;][vc_single_image image=\u00bb2474&#8243; img_size=\u00bbfull\u00bb alignment=\u00bbcenter\u00bb onclick=\u00bbcustom_link\u00bb image_hovers=\u00bbfalse\u00bb css=\u00bb.vc_custom_1561722516833{margin-bottom: 0px !important;border-bottom-width: 0px !important;padding-bottom: 0px !important;}\u00bb link=\u00bb\/es\/catalogo-productos-patatas\/\u00bb][vc_column_text css=\u00bb.vc_custom_1561727110441{margin-top: 0px !important;margin-bottom: 3px !important;border-top-width: 0px !important;border-bottom-width: 0px !important;padding-top: 0px !important;padding-bottom: 0px !important;}\u00bb]<\/p>\n<h4 style=\"text-align: center;\"><span style=\"color: #333333;\"><a style=\"color: #333333;\" href=\"https:\/\/www.vitacress.pt\/es\/catalogo-productos-patatas\/\">Patatas<\/a><\/span><\/h4>\n<p>[\/vc_column_text][vc_column_text css=\u00bb.vc_custom_1561727119170{margin-top: 0px !important;border-top-width: 0px !important;padding-top: 0px !important;}\u00bb]<\/p>\n<h6 style=\"text-align: center;\"><span style=\"color: #333333;\">Un cl\u00e1sico y una base indispensable en nuestra alimentaci\u00f3n diaria.<\/span><\/h6>\n<p>[\/vc_column_text][\/vc_column][\/vc_row][vc_row type=\u00bbvc_default\u00bb equal_height=\u00bbyes\u00bb][vc_column width=\u00bb1\/4&#8243;][vc_single_image image=\u00bb17786&#8243; img_size=\u00bbfull\u00bb alignment=\u00bbcenter\u00bb onclick=\u00bbcustom_link\u00bb image_hovers=\u00bbfalse\u00bb css=\u00bb.vc_custom_1697820067115{margin-bottom: 0px !important;border-bottom-width: 0px !important;padding-bottom: 0px !important;}\u00bb link=\u00bb\/es\/catalogo-productos-especias\/\u00bb][vc_column_text css=\u00bb.vc_custom_1561727571666{margin-top: 0px !important;margin-bottom: 3px !important;border-top-width: 0px !important;border-bottom-width: 0px !important;padding-top: 0px !important;padding-bottom: 0px !important;}\u00bb]<\/p>\n<h4 style=\"text-align: center;\"><span style=\"color: #333333;\"><a style=\"color: #333333;\" href=\"https:\/\/www.vitacress.pt\/es\/catalogo-productos-especias\/\">Especias<\/a><\/span><\/h4>\n<p>[\/vc_column_text][vc_column_text css=\u00bb.vc_custom_1561727580633{margin-top: 0px !important;border-top-width: 0px !important;padding-top: 0px !important;}\u00bb]<\/p>\n<h6 style=\"text-align: center;\"><span style=\"color: #333333;\">Nuestras especias son una alternativa para unas ensaladas m\u00e1s divertidas y coloridas, y siempre sabrosas.<\/span><\/h6>\n<p>[\/vc_column_text][\/vc_column][vc_column width=\u00bb1\/4&#8243;][vc_single_image image=\u00bb17789&#8243; img_size=\u00bbfull\u00bb alignment=\u00bbcenter\u00bb onclick=\u00bbcustom_link\u00bb image_hovers=\u00bbfalse\u00bb css=\u00bb.vc_custom_1697820122969{margin-bottom: 0px !important;border-bottom-width: 0px !important;padding-bottom: 0px !important;}\u00bb link=\u00bb\/es\/catalogo-productos-biologicos\/\u00bb][vc_column_text css=\u00bb.vc_custom_1561727533657{margin-top: 0px !important;margin-bottom: 3px !important;border-top-width: 0px !important;border-bottom-width: 0px !important;padding-top: 0px !important;padding-bottom: 0px !important;}\u00bb]<\/p>\n<h4 style=\"text-align: center;\"><span style=\"color: #333333;\"><a style=\"color: #333333;\" href=\"https:\/\/www.vitacress.pt\/es\/catalogo-productos-biologicos\/\">Biol\u00f3gicos<\/a><\/span><\/h4>\n<p>[\/vc_column_text][vc_column_text css=\u00bb.vc_custom_1561727138105{margin-top: 0px !important;border-top-width: 0px !important;padding-top: 0px !important;}\u00bb]<\/p>\n<h6 style=\"text-align: center;\"><span style=\"color: #333333;\">Hace 16 a\u00f1os que comenzamos a producir en modo biol\u00f3gico y continuamos perfeccionando nuestra t\u00e9cnica sostenible cada d\u00eda<\/span><\/h6>\n<p>[\/vc_column_text][\/vc_column][vc_column width=\u00bb1\/4&#8243;][vc_single_image image=\u00bb2483&#8243; img_size=\u00bbfull\u00bb alignment=\u00bbcenter\u00bb onclick=\u00bbcustom_link\u00bb image_hovers=\u00bbfalse\u00bb css=\u00bb.vc_custom_1561725691178{margin-bottom: 0px !important;border-bottom-width: 0px !important;padding-bottom: 0px !important;}\u00bb link=\u00bb\/es\/catalogo-productos-food-service\/\u00bb][vc_column_text css=\u00bb.vc_custom_1561727147203{margin-top: 0px !important;margin-bottom: 3px !important;border-top-width: 0px !important;border-bottom-width: 0px !important;padding-top: 0px !important;padding-bottom: 0px !important;}\u00bb]<\/p>\n<h4 style=\"text-align: center;\"><span style=\"color: #333333;\"><a style=\"color: #333333;\" href=\"https:\/\/www.vitacress.pt\/es\/catalogo-productos-food-service\/\">Food Service<\/a><\/span><\/h4>\n<p>[\/vc_column_text][vc_column_text css=\u00bb.vc_custom_1561727154986{margin-top: 0px !important;border-top-width: 0px !important;padding-top: 0px !important;}\u00bb]<\/p>\n<h6 style=\"text-align: center;\"><span style=\"color: #333333;\">Con una amplia cartera y una amplia paleta de sabores, siempre adaptados al perfil<\/span><br \/>\n<span style=\"color: #333333;\">profesional de nuestros clientes.<\/span><\/h6>\n<p>[\/vc_column_text][\/vc_column][vc_column width=\u00bb1\/4&#8243;][\/vc_column][\/vc_row]<\/p>\n","protected":false},"excerpt":{"rendered":"<p>[vc_row][vc_column][vc_column_text] Nuestros Productos Frescos hasta su mesa [\/vc_column_text][\/vc_column][\/vc_row][vc_row type=\u00bbvc_default\u00bb equal_height=\u00bbyes\u00bb][vc_column width=\u00bb1\/4&#8243;][vc_single_image image=\u00bb17774&#8243; img_size=\u00bbfull\u00bb alignment=\u00bbcenter\u00bb onclick=\u00bbcustom_link\u00bb image_hovers=\u00bbfalse\u00bb css=\u00bb.vc_custom_1697819957903{margin-bottom: 0px !important;border-bottom-width: 0px !important;padding-bottom: 0px !important;}\u00bb link=\u00bb\/es\/catalogo-productos-ensaladas\/\u00bb][vc_column_text css=\u00bb.vc_custom_1561738945951{margin-top: 0px !important;margin-bottom: 3px !important;border-top-width: 0px !important;border-bottom-width: 0px !important;padding-top: 0px !important;padding-bottom: 0px !important;}\u00bb] Ensaladas [\/vc_column_text][vc_column_text css=\u00bb.vc_custom_1561738979781{margin-top: 0px !important;border-top-width: 0px !important;padding-top: 0px !important;}\u00bb] Distintas mezclas de hojas baby, con ingredientes diferenciadores e&hellip;<\/p>\n","protected":false},"author":13,"featured_media":0,"parent":0,"menu_order":0,"comment_status":"closed","ping_status":"closed","template":"","meta":{"_acf_changed":false},"acf":[],"_links":{"self":[{"href":"https:\/\/www.vitacress.pt\/es\/wp-json\/wp\/v2\/pages\/4680"}],"collection":[{"href":"https:\/\/www.vitacress.pt\/es\/wp-json\/wp\/v2\/pages"}],"about":[{"href":"https:\/\/www.vitacress.pt\/es\/wp-json\/wp\/v2\/types\/page"}],"author":[{"embeddable":true,"href":"https:\/\/www.vitacress.pt\/es\/wp-json\/wp\/v2\/users\/13"}],"replies":[{"embeddable":true,"href":"https:\/\/www.vitacress.pt\/es\/wp-json\/wp\/v2\/comments?post=4680"}],"version-history":[{"count":8,"href":"https:\/\/www.vitacress.pt\/es\/wp-json\/wp\/v2\/pages\/4680\/revisions"}],"predecessor-version":[{"id":17799,"href":"https:\/\/www.vitacress.pt\/es\/wp-json\/wp\/v2\/pages\/4680\/revisions\/17799"}],"wp:attachment":[{"href":"https:\/\/www.vitacress.pt\/es\/wp-json\/wp\/v2\/media?parent=4680"}],"curies":[{"name":"wp","href":"https:\/\/api.w.org\/{rel}","templated":true}]}}