{"id":3689,"date":"2019-06-19T23:15:19","date_gmt":"2019-06-19T23:15:19","guid":{"rendered":"https:\/\/www.vitacress.pt\/catalogo-de-productos\/"},"modified":"2026-03-16T14:12:27","modified_gmt":"2026-03-16T14:12:27","slug":"catalogo-de-productos","status":"publish","type":"page","link":"https:\/\/www.vitacress.pt\/es\/catalogo-de-productos\/","title":{"rendered":"Cat\u00e1logo de Productos"},"content":{"rendered":"<p>[vc_row][vc_column][vc_column_text]<\/p>\n<h1 style=\"text-align: center;\">Nuestros Productos<\/h1>\n<p>[\/vc_column_text][\/vc_column][\/vc_row][vc_row][vc_column][vc_column_text]<\/p>\n<h2 style=\"text-align: center;\"><strong><span style=\"color: #000000;\">Frescos hasta tu mesa<\/span><\/strong><\/h2>\n<p>[\/vc_column_text][\/vc_column][\/vc_row][vc_row type=\u00bbvc_default\u00bb equal_height=\u00bbyes\u00bb][vc_column width=\u00bb1\/4&#8243;][vc_single_image image=\u00bb23083&#8243; img_size=\u00bbfull\u00bb alignment=\u00bbcenter\u00bb onclick=\u00bbcustom_link\u00bb image_hovers=\u00bbfalse\u00bb css=\u00bb.vc_custom_1738161108542{margin-bottom: 0px !important;border-bottom-width: 0px !important;padding-bottom: 0px !important;}\u00bb link=\u00bb\/es\/catalogo-productos-ensaladas\/\u00bb][vc_column_text css=\u00bb.vc_custom_1561738945951{margin-top: 0px !important;margin-bottom: 3px !important;border-top-width: 0px !important;border-bottom-width: 0px !important;padding-top: 0px !important;padding-bottom: 0px !important;}\u00bb]<\/p>\n<h4 style=\"text-align: center;\"><span style=\"color: #333333;\"><a style=\"color: #333333;\" href=\"https:\/\/www.vitacress.pt\/es\/catalogo-productos-ensaladas\/\">Ensaladas<\/a><\/span><\/h4>\n<p>[\/vc_column_text][vc_column_text css=\u00bb.vc_custom_1561738979781{margin-top: 0px !important;border-top-width: 0px !important;padding-top: 0px !important;}\u00bb]<\/p>\n<h6 style=\"text-align: center;\"><span style=\"color: #333333;\">Distintas mezclas de hojas baby, con ingredientes diferenciadores e innovadores, lavados y listos para consumir.<\/span><\/h6>\n<p>[\/vc_column_text][\/vc_column][vc_column width=\u00bb1\/4&#8243;][vc_single_image image=\u00bb26856&#8243; img_size=\u00bbfull\u00bb alignment=\u00bbcenter\u00bb onclick=\u00bbcustom_link\u00bb image_hovers=\u00bbfalse\u00bb css=\u00bb.vc_custom_1764086774922{margin-bottom: 0px !important;border-bottom-width: 0px !important;padding-bottom: 0px !important;}\u00bb link=\u00bbhttps:\/\/www.vitacress.pt\/es\/catalogo-productos-vitacress-minute\/\u00bb][vc_column_text css=\u00bb.vc_custom_1698399355366{margin-top: 0px !important;margin-bottom: 3px !important;border-top-width: 0px !important;border-bottom-width: 0px !important;padding-top: 0px !important;padding-bottom: 0px !important;}\u00bb]<\/p>\n<h4 style=\"text-align: center;\"><a href=\"https:\/\/www.vitacress.pt\/es\/catalogo-productos-vitacress-minute\/\"><span style=\"color: #333333;\">Ensaladas Completas<\/span><\/a><\/h4>\n<p>[\/vc_column_text][vc_column_text css=\u00bb.vc_custom_1698333586396{margin-top: 0px !important;border-top-width: 0px !important;padding-top: 0px !important;}\u00bb]<\/p>\n<h6 style=\"text-align: center;\"><span style=\"color: #333333;\">Basada en una alimentaci\u00f3n equilibrada, desarrollamos alimentos nutritivos y sabrosos, listos para comer o para llevar.<\/span><\/h6>\n<p>[\/vc_column_text][\/vc_column][vc_column width=\u00bb1\/4&#8243;][vc_single_image image=\u00bb28674&#8243; img_size=\u00bbfull\u00bb alignment=\u00bbcenter\u00bb onclick=\u00bbcustom_link\u00bb image_hovers=\u00bbfalse\u00bb css=\u00bb.vc_custom_1773670341716{margin-bottom: 0px !important;border-bottom-width: 0px !important;padding-bottom: 0px !important;}\u00bb link=\u00bbhttps:\/\/www.vitacress.pt\/es\/catalogo-productos-monoproductos\/\u00bb][vc_column_text css=\u00bb.vc_custom_1698399641093{margin-top: 0px !important;margin-bottom: 3px !important;border-top-width: 0px !important;border-bottom-width: 0px !important;padding-top: 0px !important;padding-bottom: 0px !important;}\u00bb]<\/p>\n<h4 style=\"text-align: center;\"><a href=\"https:\/\/www.vitacress.pt\/es\/catalogo-productos-monoproductos\/\"><span style=\"color: #333333;\">Monoproductos<\/span><\/a><\/h4>\n<p>[\/vc_column_text][vc_column_text css=\u00bb.vc_custom_1698333965879{margin-top: 0px !important;border-top-width: 0px !important;padding-top: 0px !important;}\u00bb]<\/p>\n<h6 style=\"text-align: center;\"><span style=\"color: #333333;\">Tus hojas favoritas, para crear tu propia mezcla o utilizarlas individualmente.<\/span><\/h6>\n<p>[\/vc_column_text][\/vc_column][vc_column width=\u00bb1\/4&#8243;][vc_single_image image=\u00bb26853&#8243; img_size=\u00bbfull\u00bb alignment=\u00bbcenter\u00bb onclick=\u00bbcustom_link\u00bb image_hovers=\u00bbfalse\u00bb css=\u00bb.vc_custom_1764086592160{margin-bottom: 0px !important;border-bottom-width: 0px !important;padding-bottom: 0px !important;}\u00bb link=\u00bbhttps:\/\/www.vitacress.pt\/catalogo-produtos-quente-ou-fria\/\u00bb][vc_column_text css=\u00bb.vc_custom_1731606251624{margin-top: 0px !important;margin-bottom: 3px !important;border-top-width: 0px !important;border-bottom-width: 0px !important;padding-top: 0px !important;padding-bottom: 0px !important;}\u00bb]<\/p>\n<h4 style=\"text-align: center;\"><a href=\"https:\/\/www.vitacress.pt\/es\/?page_id=13792\"><span style=\"color: #333333;\">Quente ou Fria<\/span><\/a><\/h4>\n<p>[\/vc_column_text][vc_column_text css=\u00bb.vc_custom_1668004625789{margin-top: 0px !important;border-top-width: 0px !important;padding-top: 0px !important;}\u00bb]<\/p>\n<h6 style=\"text-align: center;\"><span style=\"color: #333333;\">Para comer calientes o fr\u00edos, salteados o en ensaladas, innovadoras mezclas de verduras frescas.<\/span><\/h6>\n<p>[\/vc_column_text][\/vc_column][\/vc_row][vc_row type=\u00bbvc_default\u00bb equal_height=\u00bbyes\u00bb][vc_column width=\u00bb1\/4&#8243;][vc_single_image image=\u00bb27040&#8243; img_size=\u00bbfull\u00bb alignment=\u00bbcenter\u00bb onclick=\u00bbcustom_link\u00bb image_hovers=\u00bbfalse\u00bb css=\u00bb.vc_custom_1766074137670{margin-bottom: 0px !important;border-bottom-width: 0px !important;padding-bottom: 0px !important;}\u00bb link=\u00bb\/es\/catalogo-productos-vegetales\/\u00bb][vc_column_text css=\u00bb.vc_custom_1561727972225{margin-top: 0px !important;margin-bottom: 3px !important;border-top-width: 0px !important;border-bottom-width: 0px !important;padding-top: 0px !important;padding-bottom: 0px !important;}\u00bb]<\/p>\n<h4 style=\"text-align: center;\"><span style=\"color: #333333;\"><a style=\"color: #333333;\" href=\"https:\/\/www.vitacress.pt\/es\/catalogo-productos-vegetales\/\">Vegetales<\/a><\/span><\/h4>\n<p>[\/vc_column_text][vc_column_text css=\u00bb.vc_custom_1561727984329{margin-top: 0px !important;border-top-width: 0px !important;padding-top: 0px !important;}\u00bb]<\/p>\n<h6 style=\"text-align: center;\"><span style=\"color: #333333;\">Vegetales seleccionadas y de alta calidad, un complemento para su ensalada o comida.<\/span><\/h6>\n<p>[\/vc_column_text][\/vc_column][vc_column width=\u00bb1\/4&#8243;][vc_single_image image=\u00bb17792&#8243; img_size=\u00bbfull\u00bb alignment=\u00bbcenter\u00bb onclick=\u00bbcustom_link\u00bb image_hovers=\u00bbfalse\u00bb css=\u00bb.vc_custom_1698399292686{margin-bottom: 0px !important;border-bottom-width: 0px !important;padding-bottom: 0px !important;}\u00bb link=\u00bbhttps:\/\/www.vitacress.pt\/es\/catalogo-productos-hiervas-aromaticas\/\u00bb][vc_column_text css=\u00bb.vc_custom_1698399284388{margin-top: 0px !important;margin-bottom: 3px !important;border-top-width: 0px !important;border-bottom-width: 0px !important;padding-top: 0px !important;padding-bottom: 0px !important;}\u00bb]<\/p>\n<h4 style=\"text-align: center;\"><a href=\"https:\/\/www.vitacress.pt\/es\/catalogo-productos-hiervas-aromaticas\/\"><span style=\"color: #333333;\">Hiervas Arom\u00e1ticas<\/span><\/a><\/h4>\n<p>[\/vc_column_text][vc_column_text css=\u00bb.vc_custom_1698335026983{margin-top: 0px !important;border-top-width: 0px !important;padding-top: 0px !important;}\u00bb]<\/p>\n<h6 style=\"text-align: center;\"><span style=\"color: #333333;\">Adem\u00e1s de una fuente de nutrientes, las hierbas arom\u00e1ticas permiten crear platos sabrosos, pudiendo adem\u00e1s ser usadas como alternativa a la sal.<\/span><\/h6>\n<p>[\/vc_column_text][\/vc_column][vc_column width=\u00bb1\/4&#8243;][vc_single_image image=\u00bb26549&#8243; img_size=\u00bbfull\u00bb alignment=\u00bbcenter\u00bb onclick=\u00bbcustom_link\u00bb image_hovers=\u00bbfalse\u00bb css=\u00bb.vc_custom_1762875882912{margin-bottom: 0px !important;border-bottom-width: 0px !important;padding-bottom: 0px !important;}\u00bb link=\u00bb\/es\/catalogo-productos-snacks\/\u00bb][vc_column_text css=\u00bb.vc_custom_1561728352619{margin-top: 0px !important;margin-bottom: 3px !important;border-top-width: 0px !important;border-bottom-width: 0px !important;padding-top: 0px !important;padding-bottom: 0px !important;}\u00bb]<\/p>\n<h4 style=\"text-align: center;\"><a href=\"https:\/\/www.vitacress.pt\/es\/catalogo-productos-snacks\/\"><span style=\"color: #333333;\">Snacks<\/span><\/a><\/h4>\n<p>[\/vc_column_text][vc_column_text css=\u00bb.vc_custom_1561728108131{margin-top: 0px !important;border-top-width: 0px !important;padding-top: 0px !important;}\u00bb]<\/p>\n<h6 style=\"text-align: center;\"><span style=\"color: #333333;\">Para una pausa saludable en cualquier lugar: en la oficina, en el coche, en la escuela, en el gimnasio o en la playa.<\/span><\/h6>\n<p>[\/vc_column_text][\/vc_column][vc_column width=\u00bb1\/4&#8243;][vc_single_image image=\u00bb27512&#8243; img_size=\u00bbfull\u00bb alignment=\u00bbcenter\u00bb onclick=\u00bbcustom_link\u00bb image_hovers=\u00bbfalse\u00bb css=\u00bb.vc_custom_1768483043077{margin-bottom: 0px !important;border-bottom-width: 0px !important;padding-bottom: 0px !important;}\u00bb link=\u00bb\/es\/catalogo-productos-patatas\/\u00bb][vc_column_text css=\u00bb.vc_custom_1561727110441{margin-top: 0px !important;margin-bottom: 3px !important;border-top-width: 0px !important;border-bottom-width: 0px !important;padding-top: 0px !important;padding-bottom: 0px !important;}\u00bb]<\/p>\n<h4 style=\"text-align: center;\"><span style=\"color: #333333;\"><a style=\"color: #333333;\" href=\"https:\/\/www.vitacress.pt\/es\/catalogo-productos-patatas\/\">Patatas<\/a><\/span><\/h4>\n<p>[\/vc_column_text][vc_column_text css=\u00bb.vc_custom_1561727119170{margin-top: 0px !important;border-top-width: 0px !important;padding-top: 0px !important;}\u00bb]<\/p>\n<h6 style=\"text-align: center;\"><span style=\"color: #333333;\">Un cl\u00e1sico y una base indispensable en nuestra alimentaci\u00f3n diaria.<\/span><\/h6>\n<p>[\/vc_column_text][\/vc_column][\/vc_row][vc_row type=\u00bbvc_default\u00bb equal_height=\u00bbyes\u00bb][vc_column width=\u00bb1\/4&#8243;][vc_single_image image=\u00bb26759&#8243; img_size=\u00bbfull\u00bb alignment=\u00bbcenter\u00bb onclick=\u00bbcustom_link\u00bb image_hovers=\u00bbfalse\u00bb css=\u00bb.vc_custom_1764081815849{margin-bottom: 0px !important;border-bottom-width: 0px !important;padding-bottom: 0px !important;}\u00bb link=\u00bb\/es\/catalogo-productos-especias\/\u00bb][vc_column_text css=\u00bb.vc_custom_1561727571666{margin-top: 0px !important;margin-bottom: 3px !important;border-top-width: 0px !important;border-bottom-width: 0px !important;padding-top: 0px !important;padding-bottom: 0px !important;}\u00bb]<\/p>\n<h4 style=\"text-align: center;\"><span style=\"color: #333333;\"><a style=\"color: #333333;\" href=\"https:\/\/www.vitacress.pt\/es\/catalogo-productos-especias\/\">Especias<\/a><\/span><\/h4>\n<p>[\/vc_column_text][vc_column_text css=\u00bb.vc_custom_1561727580633{margin-top: 0px !important;border-top-width: 0px !important;padding-top: 0px !important;}\u00bb]<\/p>\n<h6 style=\"text-align: center;\"><span style=\"color: #333333;\">Nuestras especias son una alternativa para unas ensaladas m\u00e1s divertidas y coloridas, y siempre sabrosas.<\/span><\/h6>\n<p>[\/vc_column_text][\/vc_column][vc_column width=\u00bb1\/4&#8243;][vc_single_image image=\u00bb22489&#8243; img_size=\u00bbfull\u00bb alignment=\u00bbcenter\u00bb onclick=\u00bbcustom_link\u00bb image_hovers=\u00bbfalse\u00bb css=\u00bb.vc_custom_1731604739729{margin-bottom: 0px !important;border-bottom-width: 0px !important;padding-bottom: 0px !important;}\u00bb link=\u00bb\/es\/_biologicos\/\u00bb][vc_column_text css=\u00bb.vc_custom_1564512421758{margin-top: 0px !important;margin-bottom: 3px !important;border-top-width: 0px !important;border-bottom-width: 0px !important;padding-top: 0px !important;padding-bottom: 0px !important;}\u00bb]<\/p>\n<h4 style=\"text-align: center;\"><span style=\"color: #333333;\"><a style=\"color: #333333;\" href=\"https:\/\/www.vitacress.pt\/es\/_biologicos\/\">Biol\u00f3gicos<\/a><\/span><\/h4>\n<p>[\/vc_column_text][vc_column_text css=\u00bb.vc_custom_1561727138105{margin-top: 0px !important;border-top-width: 0px !important;padding-top: 0px !important;}\u00bb]<\/p>\n<h6 style=\"text-align: center;\"><span style=\"color: #333333;\">Hace 16 a\u00f1os que comenzamos a producir en modo biol\u00f3gico y continuamos perfeccionando nuestra t\u00e9cnica sostenible cada d\u00eda<\/span><\/h6>\n<p>[\/vc_column_text][\/vc_column][vc_column width=\u00bb1\/4&#8243;][vc_single_image image=\u00bb2483&#8243; img_size=\u00bbfull\u00bb alignment=\u00bbcenter\u00bb onclick=\u00bbcustom_link\u00bb image_hovers=\u00bbfalse\u00bb css=\u00bb.vc_custom_1564512484895{margin-bottom: 0px !important;border-bottom-width: 0px !important;padding-bottom: 0px !important;}\u00bb link=\u00bb\/es\/catalogo-productos-food-service-2\/\u00bb][vc_column_text css=\u00bb.vc_custom_1564512501456{margin-top: 0px !important;margin-bottom: 3px !important;border-top-width: 0px !important;border-bottom-width: 0px !important;padding-top: 0px !important;padding-bottom: 0px !important;}\u00bb]<\/p>\n<h4 style=\"text-align: center;\"><span style=\"color: #333333;\"><a style=\"color: #333333;\" href=\"https:\/\/www.vitacress.pt\/es\/catalogo-productos-food-service-2\/\">Food Service<\/a><\/span><\/h4>\n<p>[\/vc_column_text][vc_column_text css=\u00bb.vc_custom_1561727154986{margin-top: 0px !important;border-top-width: 0px !important;padding-top: 0px !important;}\u00bb]<\/p>\n<h6 style=\"text-align: center;\"><span style=\"color: #333333;\">Con una amplia cartera y una amplia paleta de sabores, siempre adaptados al perfil<\/span><br \/>\n<span style=\"color: #333333;\">profesional de nuestros clientes.<\/span><\/h6>\n<p>[\/vc_column_text][\/vc_column][\/vc_row]<\/p>\n","protected":false},"excerpt":{"rendered":"<p>[vc_row][vc_column][vc_column_text] Nuestros Productos [\/vc_column_text][\/vc_column][\/vc_row][vc_row][vc_column][vc_column_text] Frescos hasta tu mesa [\/vc_column_text][\/vc_column][\/vc_row][vc_row type=\u00bbvc_default\u00bb equal_height=\u00bbyes\u00bb][vc_column width=\u00bb1\/4&#8243;][vc_single_image image=\u00bb23083&#8243; img_size=\u00bbfull\u00bb alignment=\u00bbcenter\u00bb onclick=\u00bbcustom_link\u00bb image_hovers=\u00bbfalse\u00bb css=\u00bb.vc_custom_1738161108542{margin-bottom: 0px !important;border-bottom-width: 0px !important;padding-bottom: 0px !important;}\u00bb link=\u00bb\/es\/catalogo-productos-ensaladas\/\u00bb][vc_column_text css=\u00bb.vc_custom_1561738945951{margin-top: 0px !important;margin-bottom: 3px !important;border-top-width: 0px !important;border-bottom-width: 0px !important;padding-top: 0px !important;padding-bottom: 0px !important;}\u00bb] Ensaladas [\/vc_column_text][vc_column_text css=\u00bb.vc_custom_1561738979781{margin-top: 0px !important;border-top-width: 0px !important;padding-top: 0px !important;}\u00bb] Distintas mezclas de hojas baby, con ingredientes diferenciadores&hellip;<\/p>\n","protected":false},"author":2,"featured_media":0,"parent":0,"menu_order":0,"comment_status":"closed","ping_status":"closed","template":"","meta":{"_acf_changed":false},"acf":[],"_links":{"self":[{"href":"https:\/\/www.vitacress.pt\/es\/wp-json\/wp\/v2\/pages\/3689"}],"collection":[{"href":"https:\/\/www.vitacress.pt\/es\/wp-json\/wp\/v2\/pages"}],"about":[{"href":"https:\/\/www.vitacress.pt\/es\/wp-json\/wp\/v2\/types\/page"}],"author":[{"embeddable":true,"href":"https:\/\/www.vitacress.pt\/es\/wp-json\/wp\/v2\/users\/2"}],"replies":[{"embeddable":true,"href":"https:\/\/www.vitacress.pt\/es\/wp-json\/wp\/v2\/comments?post=3689"}],"version-history":[{"count":109,"href":"https:\/\/www.vitacress.pt\/es\/wp-json\/wp\/v2\/pages\/3689\/revisions"}],"predecessor-version":[{"id":28677,"href":"https:\/\/www.vitacress.pt\/es\/wp-json\/wp\/v2\/pages\/3689\/revisions\/28677"}],"wp:attachment":[{"href":"https:\/\/www.vitacress.pt\/es\/wp-json\/wp\/v2\/media?parent=3689"}],"curies":[{"name":"wp","href":"https:\/\/api.w.org\/{rel}","templated":true}]}}