{"id":29689,"date":"2026-05-10T16:27:52","date_gmt":"2026-05-10T16:27:52","guid":{"rendered":"https:\/\/www.vitacress.pt\/produccion-ecologica\/"},"modified":"2026-05-10T16:51:37","modified_gmt":"2026-05-10T16:51:37","slug":"produccion-ecologica","status":"publish","type":"page","link":"https:\/\/www.vitacress.pt\/es\/produccion-ecologica\/","title":{"rendered":"Producci\u00f3n Biol\u00f3gica"},"content":{"rendered":"<p>[vc_row][vc_column]<div class=\"ult-spacer spacer-6a0367ed1db2c\" data-id=\"6a0367ed1db2c\" data-height=\"20\" data-height-mobile=\"20\" data-height-tab=\"20\" data-height-tab-portrait=\"\" data-height-mobile-landscape=\"\" style=\"clear:both;display:block;\"><\/div>[\/vc_column][vc_column width=\u00bb1\/2&#8243;][vc_single_image image=\u00bb29335&#8243; img_size=\u00bblarge\u00bb alignment=\u00bbcenter\u00bb][\/vc_column][vc_column width=\u00bb1\/2&#8243;][vc_column_text]<\/p>\n<h2><span style=\"color: #85b24c; font-size: 14pt;\"><strong>Producci\u00f3n Biol\u00f3gica en Vitacress<\/strong><\/span><\/h2>\n<p data-start=\"172\" data-end=\"346\">La producci\u00f3n biol\u00f3gica sigue un <strong>conjunto riguroso de normas y procesos definidos por la normativa europea<\/strong>, garantizando pr\u00e1cticas sostenibles y el respeto por los ecosistemas.<\/p>\n<p data-start=\"348\" data-end=\"627\">En Vitacress, aseguramos el cumplimiento de estos requisitos mediante el <strong>control de los factores de producci\u00f3n y de las pr\u00e1cticas en el campo, salvaguardando la integridad de la producci\u00f3n en todas sus fases<\/strong>. Garantizamos una total trazabilidad y la gesti\u00f3n de la explotaci\u00f3n de acuerdo con la normativa.<\/p>\n<p data-start=\"629\" data-end=\"801\">Adem\u00e1s, contamos con una <strong>empresa y \u00e1reas exclusivamente dedicadas a la producci\u00f3n biol\u00f3gica<\/strong>, Euralface Agricultura Lda, reforzando nuestro compromiso con este m\u00e9todo de producci\u00f3n.<\/p>\n<p>[\/vc_column_text][\/vc_column][\/vc_row][vc_row][vc_column]<div class=\"ult-spacer spacer-6a0367ed1db64\" data-id=\"6a0367ed1db64\" data-height=\"20\" data-height-mobile=\"20\" data-height-tab=\"20\" data-height-tab-portrait=\"\" data-height-mobile-landscape=\"\" style=\"clear:both;display:block;\"><\/div>[vc_column_text]<\/p>\n<h2 style=\"text-align: center;\"><span style=\"color: #85b24c; font-size: 14pt;\"><strong>Pr\u00e1cticas Aplicadas<\/strong><\/span><\/h2>\n<p>[\/vc_column_text]<div class=\"ult-spacer spacer-6a0367ed1db85\" data-id=\"6a0367ed1db85\" data-height=\"20\" data-height-mobile=\"20\" data-height-tab=\"20\" data-height-tab-portrait=\"\" data-height-mobile-landscape=\"\" style=\"clear:both;display:block;\"><\/div>[vc_column_text]<\/p>\n<p style=\"text-align: center;\">Aplicamos un <strong>conjunto de pr\u00e1cticas<\/strong> que contribuyen a la sostenibilidad del suelo, de los cultivos y del entorno circundante, <strong>algunas de las cuales<\/strong> son comunes tanto a la producci\u00f3n ecol\u00f3gica como a otros m\u00e9todos de producci\u00f3n:<\/p>\n<p>[\/vc_column_text]<div class=\"ult-spacer spacer-6a0367ed1dbab\" data-id=\"6a0367ed1dbab\" data-height=\"10\" data-height-mobile=\"10\" data-height-tab=\"10\" data-height-tab-portrait=\"\" data-height-mobile-landscape=\"\" style=\"clear:both;display:block;\"><\/div>[\/vc_column][\/vc_row][vc_row type=\u00bbvc_default\u00bb equal_height=\u00bbyes\u00bb min_height=\u00bb150&#8243;][vc_column width=\u00bb1\/4&#8243;]<div class=\"ult-ih-container ult-adjust-bottom-margin  \" >\t<ul class=\"ult-ih-list \"  data-shape=\"square\"  data-width=\"250\"  data-height=\"250\"  style=\"text-align:center; \"><li id=\"ult-ih-list-item-2666\" class=\"ult-ih-list-item\" style=\"height: 250px; width: 250px;  margin: 15px\"><div style=\"height: 250px; width: 250px; \" class=\"ult-ih-item ult-ih-effect1    ult-ih-top_to_bottom \"><div class=\"ult-ih-image-block\" style=\"height: 250px; width: 250px; \">\t<div class=\"ult-ih-wrapper\" style=\"\"><\/div>\t<img decoding=\"async\" class=\"ult-ih-image\" src=\"https:\/\/www.vitacress.pt\/wp-content\/uploads\/2026\/05\/icon_1-ES.png\" alt=\"null\"><\/div><div class=\"ult-ih-info\" >\t<div class=\"ult-ih-info-back\" style=\"background-color: #ffffff; \">\t<div class=\"ult-ih-content\">\t\t\t<div class=\"ult-ih-heading-block\" style=\"\">\t\t\t\t<h3 class=\"ult-ih-heading ult-responsive\" style=\"font-family:&#039;Open Sans&#039;;font-weight:600;color:#ffffff;\"  data-ultimate-target='#ult-ih-list-item-2666 .ult-ih-heading'  data-responsive-json-new='{\"font-size\":\"desktop:22px;\",\"line-height\":\"desktop:28px;\"}' ><\/h3>\t\t\t<\/div>\t\t\t<div class=\"ult-ih-divider-block\" style=\"height:1px;\">\t\t\t\t<span class=\"ult-ih-line\" style=\"border-style:none;border-color:rgba(255,255,255,0.75);width:100px;border-width:1px;\"><\/span>\t\t\t<\/div>\t\t\t<div class=\"ult-ih-description-block\" style=\"\">\t\t\t\t<div class=\"ult-ih-description ult-responsive\" style=\"font-family:&#039;Open Sans&#039;;font-weight:300;color:#bbbbbb;\"  data-ultimate-target='#ult-ih-list-item-2666 .ult-ih-description, #ult-ih-list-item-2666 .ult-ih-description p'  data-responsive-json-new='{\"font-size\":\"desktop:14px;\",\"line-height\":\"desktop:18px;\"}' ><p style=\"text-align: center;\"><span style=\"color: #85b24c;\"><strong>Fertilidad del suelo<\/strong><\/span><\/p>\n<p style=\"text-align: center;\">Mantenimiento de la fertilidad del suelo y de su capacidad de retenci\u00f3n de agua mediante la incorporaci\u00f3n de materia org\u00e1nica<\/p>\n\t\t\t\t<\/div>\t\t\t<\/div>\t<\/div>\t<\/div><\/div><\/div><\/li>\t<\/ul><\/div>[\/vc_column][vc_column width=\u00bb1\/4&#8243;]<div class=\"ult-ih-container ult-adjust-bottom-margin  \" >\t<ul class=\"ult-ih-list \"  data-shape=\"square\"  data-width=\"250\"  data-height=\"250\"  style=\"text-align:center; \"><li id=\"ult-ih-list-item-8716\" class=\"ult-ih-list-item\" style=\"height: 250px; width: 250px;  margin: 15px\"><div style=\"height: 250px; width: 250px; \" class=\"ult-ih-item ult-ih-effect1    ult-ih-top_to_bottom \"><div class=\"ult-ih-image-block\" style=\"height: 250px; width: 250px; \">\t<div class=\"ult-ih-wrapper\" style=\"\"><\/div>\t<img decoding=\"async\" class=\"ult-ih-image\" src=\"https:\/\/www.vitacress.pt\/wp-content\/uploads\/2026\/05\/icon_2-ES.png\" alt=\"null\"><\/div><div class=\"ult-ih-info\" >\t<div class=\"ult-ih-info-back\" style=\"background-color: #ffffff; \">\t<div class=\"ult-ih-content\">\t\t\t<div class=\"ult-ih-heading-block\" style=\"\">\t\t\t\t<h3 class=\"ult-ih-heading ult-responsive\" style=\"font-family:&#039;Open Sans&#039;;font-weight:600;color:#ffffff;\"  data-ultimate-target='#ult-ih-list-item-8716 .ult-ih-heading'  data-responsive-json-new='{\"font-size\":\"desktop:22px;\",\"line-height\":\"desktop:28px;\"}' ><\/h3>\t\t\t<\/div>\t\t\t<div class=\"ult-ih-divider-block\" style=\"height:1px;\">\t\t\t\t<span class=\"ult-ih-line\" style=\"border-style:none;border-color:rgba(255,255,255,0.75);width:100px;border-width:1px;\"><\/span>\t\t\t<\/div>\t\t\t<div class=\"ult-ih-description-block\" style=\"\">\t\t\t\t<div class=\"ult-ih-description ult-responsive\" style=\"font-family:&#039;Open Sans&#039;;font-weight:300;color:#bbbbbb;\"  data-ultimate-target='#ult-ih-list-item-8716 .ult-ih-description, #ult-ih-list-item-8716 .ult-ih-description p'  data-responsive-json-new='{\"font-size\":\"desktop:14px;\",\"line-height\":\"desktop:18px;\"}' ><p style=\"text-align: center;\"><span style=\"color: #85b24c;\"><strong><b>Valorizaci\u00f3n de residuos vegetales<\/b><b><br \/>\n<\/b><\/strong> <\/span><\/p>\n<p style=\"text-align: center;\">Reintegraci\u00f3n de todos los residuos vegetales en el suelo<\/p>\n\t\t\t\t<\/div>\t\t\t<\/div>\t<\/div>\t<\/div><\/div><\/div><\/li>\t<\/ul><\/div>[\/vc_column][vc_column width=\u00bb1\/4&#8243;]<div class=\"ult-ih-container ult-adjust-bottom-margin  \" >\t<ul class=\"ult-ih-list \"  data-shape=\"square\"  data-width=\"250\"  data-height=\"250\"  style=\"text-align:center; \"><li id=\"ult-ih-list-item-2688\" class=\"ult-ih-list-item\" style=\"height: 250px; width: 250px;  margin: 15px\"><div style=\"height: 250px; width: 250px; \" class=\"ult-ih-item ult-ih-effect1    ult-ih-top_to_bottom \"><div class=\"ult-ih-image-block\" style=\"height: 250px; width: 250px; \">\t<div class=\"ult-ih-wrapper\" style=\"\"><\/div>\t<img decoding=\"async\" class=\"ult-ih-image\" src=\"https:\/\/www.vitacress.pt\/wp-content\/uploads\/2026\/05\/icon_3-ES.png\" alt=\"null\"><\/div><div class=\"ult-ih-info\" >\t<div class=\"ult-ih-info-back\" style=\"background-color: #ffffff; \">\t<div class=\"ult-ih-content\">\t\t\t<div class=\"ult-ih-heading-block\" style=\"\">\t\t\t\t<h3 class=\"ult-ih-heading ult-responsive\" style=\"font-family:&#039;Open Sans&#039;;font-weight:600;color:#ffffff;\"  data-ultimate-target='#ult-ih-list-item-2688 .ult-ih-heading'  data-responsive-json-new='{\"font-size\":\"desktop:22px;\",\"line-height\":\"desktop:28px;\"}' ><\/h3>\t\t\t<\/div>\t\t\t<div class=\"ult-ih-divider-block\" style=\"height:1px;\">\t\t\t\t<span class=\"ult-ih-line\" style=\"border-style:none;border-color:rgba(255,255,255,0.75);width:100px;border-width:1px;\"><\/span>\t\t\t<\/div>\t\t\t<div class=\"ult-ih-description-block\" style=\"\">\t\t\t\t<div class=\"ult-ih-description ult-responsive\" style=\"font-family:&#039;Open Sans&#039;;font-weight:300;color:#bbbbbb;\"  data-ultimate-target='#ult-ih-list-item-2688 .ult-ih-description, #ult-ih-list-item-2688 .ult-ih-description p'  data-responsive-json-new='{\"font-size\":\"desktop:14px;\",\"line-height\":\"desktop:18px;\"}' ><p style=\"text-align: center;\"><span style=\"color: #85b24c;\"><strong><b>Monitoreo de los cultivos<\/b><\/strong><\/span><\/p>\n<p style=\"text-align: center;\">Monitoreo continuo de los cultivos, plagas y enfermedades, con intervenci\u00f3n dirigida<\/p>\n\t\t\t\t<\/div>\t\t\t<\/div>\t<\/div>\t<\/div><\/div><\/div><\/li>\t<\/ul><\/div>[\/vc_column][vc_column width=\u00bb1\/4&#8243;]<div class=\"ult-ih-container ult-adjust-bottom-margin  \" >\t<ul class=\"ult-ih-list \"  data-shape=\"square\"  data-width=\"250\"  data-height=\"250\"  style=\"text-align:center; \"><li id=\"ult-ih-list-item-5992\" class=\"ult-ih-list-item\" style=\"height: 250px; width: 250px;  margin: 15px\"><div style=\"height: 250px; width: 250px; \" class=\"ult-ih-item ult-ih-effect1    ult-ih-top_to_bottom \"><div class=\"ult-ih-image-block\" style=\"height: 250px; width: 250px; \">\t<div class=\"ult-ih-wrapper\" style=\"\"><\/div>\t<img decoding=\"async\" class=\"ult-ih-image\" src=\"https:\/\/www.vitacress.pt\/wp-content\/uploads\/2026\/05\/icon_4-ES.png\" alt=\"null\"><\/div><div class=\"ult-ih-info\" >\t<div class=\"ult-ih-info-back\" style=\"background-color: #ffffff; \">\t<div class=\"ult-ih-content\">\t\t\t<div class=\"ult-ih-heading-block\" style=\"\">\t\t\t\t<h3 class=\"ult-ih-heading ult-responsive\" style=\"font-family:&#039;Open Sans&#039;;font-weight:600;color:#ffffff;\"  data-ultimate-target='#ult-ih-list-item-5992 .ult-ih-heading'  data-responsive-json-new='{\"font-size\":\"desktop:22px;\",\"line-height\":\"desktop:28px;\"}' ><\/h3>\t\t\t<\/div>\t\t\t<div class=\"ult-ih-divider-block\" style=\"height:1px;\">\t\t\t\t<span class=\"ult-ih-line\" style=\"border-style:none;border-color:rgba(255,255,255,0.75);width:100px;border-width:1px;\"><\/span>\t\t\t<\/div>\t\t\t<div class=\"ult-ih-description-block\" style=\"\">\t\t\t\t<div class=\"ult-ih-description ult-responsive\" style=\"font-family:&#039;Open Sans&#039;;font-weight:300;color:#bbbbbb;\"  data-ultimate-target='#ult-ih-list-item-5992 .ult-ih-description, #ult-ih-list-item-5992 .ult-ih-description p'  data-responsive-json-new='{\"font-size\":\"desktop:14px;\",\"line-height\":\"desktop:18px;\"}' ><p style=\"text-align: center;\"><span style=\"color: #85b24c;\"><strong><b>Control de plagas<\/b><\/strong> <\/span><\/p>\n<p style=\"text-align: center;\">Evaluaci\u00f3n de las principales plagas en base a curvas de vuelo<\/p>\n\t\t\t\t<\/div>\t\t\t<\/div>\t<\/div>\t<\/div><\/div><\/div><\/li>\t<\/ul><\/div>[\/vc_column][\/vc_row][vc_row type=\u00bbvc_default\u00bb equal_height=\u00bbyes\u00bb min_height=\u00bb150&#8243;][vc_column width=\u00bb1\/4&#8243;]<div class=\"ult-ih-container ult-adjust-bottom-margin  \" >\t<ul class=\"ult-ih-list \"  data-shape=\"square\"  data-width=\"250\"  data-height=\"250\"  style=\"text-align:center; \"><li id=\"ult-ih-list-item-5526\" class=\"ult-ih-list-item\" style=\"height: 250px; width: 250px;  margin: 15px\"><div style=\"height: 250px; width: 250px; \" class=\"ult-ih-item ult-ih-effect1    ult-ih-top_to_bottom \"><div class=\"ult-ih-image-block\" style=\"height: 250px; width: 250px; \">\t<div class=\"ult-ih-wrapper\" style=\"\"><\/div>\t<img decoding=\"async\" class=\"ult-ih-image\" src=\"https:\/\/www.vitacress.pt\/wp-content\/uploads\/2026\/05\/icon_5-ES.png\" alt=\"null\"><\/div><div class=\"ult-ih-info\" >\t<div class=\"ult-ih-info-back\" style=\"background-color: #ffffff; \">\t<div class=\"ult-ih-content\">\t\t\t<div class=\"ult-ih-heading-block\" style=\"\">\t\t\t\t<h3 class=\"ult-ih-heading ult-responsive\" style=\"font-family:&#039;Open Sans&#039;;font-weight:600;color:#ffffff;\"  data-ultimate-target='#ult-ih-list-item-5526 .ult-ih-heading'  data-responsive-json-new='{\"font-size\":\"desktop:22px;\",\"line-height\":\"desktop:28px;\"}' ><\/h3>\t\t\t<\/div>\t\t\t<div class=\"ult-ih-divider-block\" style=\"height:1px;\">\t\t\t\t<span class=\"ult-ih-line\" style=\"border-style:none;border-color:rgba(255,255,255,0.75);width:100px;border-width:1px;\"><\/span>\t\t\t<\/div>\t\t\t<div class=\"ult-ih-description-block\" style=\"\">\t\t\t\t<div class=\"ult-ih-description ult-responsive\" style=\"font-family:&#039;Open Sans&#039;;font-weight:300;color:#bbbbbb;\"  data-ultimate-target='#ult-ih-list-item-5526 .ult-ih-description, #ult-ih-list-item-5526 .ult-ih-description p'  data-responsive-json-new='{\"font-size\":\"desktop:14px;\",\"line-height\":\"desktop:18px;\"}' ><p style=\"text-align: center;\"><span style=\"color: #85b24c;\"><strong><b>Variedades resistentes<\/b><\/strong> <\/span><\/p>\n<p style=\"text-align: center;\">Selecci\u00f3n de variedades con resistencia intr\u00ednseca a enfermedades como medida preventiva fundamental<\/p>\n\t\t\t\t<\/div>\t\t\t<\/div>\t<\/div>\t<\/div><\/div><\/div><\/li>\t<\/ul><\/div>[\/vc_column][vc_column width=\u00bb1\/4&#8243;]<div class=\"ult-ih-container ult-adjust-bottom-margin  \" >\t<ul class=\"ult-ih-list \"  data-shape=\"square\"  data-width=\"250\"  data-height=\"250\"  style=\"text-align:center; \"><li id=\"ult-ih-list-item-2284\" class=\"ult-ih-list-item\" style=\"height: 250px; width: 250px;  margin: 15px\"><div style=\"height: 250px; width: 250px; \" class=\"ult-ih-item ult-ih-effect1    ult-ih-top_to_bottom \"><div class=\"ult-ih-image-block\" style=\"height: 250px; width: 250px; \">\t<div class=\"ult-ih-wrapper\" style=\"\"><\/div>\t<img decoding=\"async\" class=\"ult-ih-image\" src=\"https:\/\/www.vitacress.pt\/wp-content\/uploads\/2026\/05\/icon_6-ES.png\" alt=\"null\"><\/div><div class=\"ult-ih-info\" >\t<div class=\"ult-ih-info-back\" style=\"background-color: #ffffff; \">\t<div class=\"ult-ih-content\">\t\t\t<div class=\"ult-ih-heading-block\" style=\"\">\t\t\t\t<h3 class=\"ult-ih-heading ult-responsive\" style=\"font-family:&#039;Open Sans&#039;;font-weight:600;color:#ffffff;\"  data-ultimate-target='#ult-ih-list-item-2284 .ult-ih-heading'  data-responsive-json-new='{\"font-size\":\"desktop:22px;\",\"line-height\":\"desktop:28px;\"}' ><\/h3>\t\t\t<\/div>\t\t\t<div class=\"ult-ih-divider-block\" style=\"height:1px;\">\t\t\t\t<span class=\"ult-ih-line\" style=\"border-style:none;border-color:rgba(255,255,255,0.75);width:100px;border-width:1px;\"><\/span>\t\t\t<\/div>\t\t\t<div class=\"ult-ih-description-block\" style=\"\">\t\t\t\t<div class=\"ult-ih-description ult-responsive\" style=\"font-family:&#039;Open Sans&#039;;font-weight:300;color:#bbbbbb;\"  data-ultimate-target='#ult-ih-list-item-2284 .ult-ih-description, #ult-ih-list-item-2284 .ult-ih-description p'  data-responsive-json-new='{\"font-size\":\"desktop:14px;\",\"line-height\":\"desktop:18px;\"}' ><p style=\"text-align: center;\"><span style=\"color: #85b24c;\"><strong><b><span data-teams=\"true\">Rotaci\u00f3n de cultivos<\/span><\/b><\/strong> <\/span><\/p>\n<p style=\"text-align: center;\">Inclusi\u00f3n de cultivos de cobertura en las \u00e9pocas de menor producci\u00f3n para proteger el suelo<\/p>\n\t\t\t\t<\/div>\t\t\t<\/div>\t<\/div>\t<\/div><\/div><\/div><\/li>\t<\/ul><\/div>[\/vc_column][vc_column width=\u00bb1\/4&#8243;]<div class=\"ult-ih-container ult-adjust-bottom-margin  \" >\t<ul class=\"ult-ih-list \"  data-shape=\"square\"  data-width=\"250\"  data-height=\"250\"  style=\"text-align:center; \"><li id=\"ult-ih-list-item-5565\" class=\"ult-ih-list-item\" style=\"height: 250px; width: 250px;  margin: 15px\"><div style=\"height: 250px; width: 250px; \" class=\"ult-ih-item ult-ih-effect1    ult-ih-top_to_bottom \"><div class=\"ult-ih-image-block\" style=\"height: 250px; width: 250px; \">\t<div class=\"ult-ih-wrapper\" style=\"\"><\/div>\t<img decoding=\"async\" class=\"ult-ih-image\" src=\"https:\/\/www.vitacress.pt\/wp-content\/uploads\/2026\/05\/icon_7-ES.png\" alt=\"null\"><\/div><div class=\"ult-ih-info\" >\t<div class=\"ult-ih-info-back\" style=\"background-color: #ffffff; \">\t<div class=\"ult-ih-content\">\t\t\t<div class=\"ult-ih-heading-block\" style=\"\">\t\t\t\t<h3 class=\"ult-ih-heading ult-responsive\" style=\"font-family:&#039;Open Sans&#039;;font-weight:600;color:#ffffff;\"  data-ultimate-target='#ult-ih-list-item-5565 .ult-ih-heading'  data-responsive-json-new='{\"font-size\":\"desktop:22px;\",\"line-height\":\"desktop:28px;\"}' ><\/h3>\t\t\t<\/div>\t\t\t<div class=\"ult-ih-divider-block\" style=\"height:1px;\">\t\t\t\t<span class=\"ult-ih-line\" style=\"border-style:none;border-color:rgba(255,255,255,0.75);width:100px;border-width:1px;\"><\/span>\t\t\t<\/div>\t\t\t<div class=\"ult-ih-description-block\" style=\"\">\t\t\t\t<div class=\"ult-ih-description ult-responsive\" style=\"font-family:&#039;Open Sans&#039;;font-weight:300;color:#bbbbbb;\"  data-ultimate-target='#ult-ih-list-item-5565 .ult-ih-description, #ult-ih-list-item-5565 .ult-ih-description p'  data-responsive-json-new='{\"font-size\":\"desktop:14px;\",\"line-height\":\"desktop:18px;\"}' ><p style=\"text-align: center;\"><span style=\"color: #85b24c;\"><strong><span data-teams=\"true\">Productos autorizados<\/span><\/strong><\/span><\/p>\n<p style=\"text-align: center;\">Uso exclusivo de productos autorizados en agricultura biol\u00f3gica<\/p>\n\t\t\t\t<\/div>\t\t\t<\/div>\t<\/div>\t<\/div><\/div><\/div><\/li>\t<\/ul><\/div>[\/vc_column][vc_column width=\u00bb1\/4&#8243;]<div class=\"ult-ih-container ult-adjust-bottom-margin  \" >\t<ul class=\"ult-ih-list \"  data-shape=\"square\"  data-width=\"250\"  data-height=\"250\"  style=\"text-align:center; \"><li id=\"ult-ih-list-item-7653\" class=\"ult-ih-list-item\" style=\"height: 250px; width: 250px;  margin: 15px\"><div style=\"height: 250px; width: 250px; \" class=\"ult-ih-item ult-ih-effect1    ult-ih-top_to_bottom \"><div class=\"ult-ih-image-block\" style=\"height: 250px; width: 250px; \">\t<div class=\"ult-ih-wrapper\" style=\"\"><\/div>\t<img decoding=\"async\" class=\"ult-ih-image\" src=\"https:\/\/www.vitacress.pt\/wp-content\/uploads\/2026\/05\/icon_8-ES.png\" alt=\"null\"><\/div><div class=\"ult-ih-info\" >\t<div class=\"ult-ih-info-back\" style=\"background-color: #ffffff; \">\t<div class=\"ult-ih-content\">\t\t\t<div class=\"ult-ih-heading-block\" style=\"\">\t\t\t\t<h3 class=\"ult-ih-heading ult-responsive\" style=\"font-family:&#039;Open Sans&#039;;font-weight:600;color:#ffffff;\"  data-ultimate-target='#ult-ih-list-item-7653 .ult-ih-heading'  data-responsive-json-new='{\"font-size\":\"desktop:22px;\",\"line-height\":\"desktop:28px;\"}' ><\/h3>\t\t\t<\/div>\t\t\t<div class=\"ult-ih-divider-block\" style=\"height:1px;\">\t\t\t\t<span class=\"ult-ih-line\" style=\"border-style:none;border-color:rgba(255,255,255,0.75);width:100px;border-width:1px;\"><\/span>\t\t\t<\/div>\t\t\t<div class=\"ult-ih-description-block\" style=\"\">\t\t\t\t<div class=\"ult-ih-description ult-responsive\" style=\"font-family:&#039;Open Sans&#039;;font-weight:300;color:#bbbbbb;\"  data-ultimate-target='#ult-ih-list-item-7653 .ult-ih-description, #ult-ih-list-item-7653 .ult-ih-description p'  data-responsive-json-new='{\"font-size\":\"desktop:14px;\",\"line-height\":\"desktop:18px;\"}' ><p style=\"text-align: center;\"><span style=\"color: #85b24c;\"><strong><span data-teams=\"true\">Promoci\u00f3n de la biodiversidad<\/span><\/strong><\/span><\/p>\n<p style=\"text-align: center;\">Mantenemos franjas biodiversas estrat\u00e9gicamente distribuidas en las \u00e1reas productivas para fomentar la fauna auxiliar aut\u00f3ctona y promover el equilibrio natural<\/p>\n\t\t\t\t<\/div>\t\t\t<\/div>\t<\/div>\t<\/div><\/div><\/div><\/li>\t<\/ul><\/div>[\/vc_column][\/vc_row][vc_row][vc_column width=\u00bb2\/3&#8243;][vc_column_text]<\/p>\n<h2 data-start=\"147\" data-end=\"275\"><span style=\"font-size: 14pt;\"><strong>Nuestra Producci\u00f3n Biol\u00f3gica<\/strong><\/span><\/h2>\n<p data-start=\"147\" data-end=\"275\">Nuestra producci\u00f3n biol\u00f3gica est\u00e1 ubicada en <strong>Boavista dos Pinheiros<\/strong>, donde iniciamos este m\u00e9todo de producci\u00f3n en 2005.<\/p>\n<p data-start=\"437\" data-end=\"783\">Tanto la producci\u00f3n biol\u00f3gica como el resto de la producci\u00f3n de Vitacress <strong>ofrecen alimentos de calidad, respetando el suelo, las plantas y los ecosistemas<\/strong>. La principal diferencia radica en el marco t\u00e9cnico y normativo: la agricultura ecol\u00f3gica exige <strong>criterios m\u00e1s rigurosos, mayores restricciones y una gesti\u00f3n m\u00e1s anticipada y cuidadosa<\/strong>, con una mayor tolerancia al riesgo.<\/p>\n<p>[\/vc_column_text][\/vc_column][vc_column width=\u00bb1\/3&#8243;][vc_single_image image=\u00bb29326&#8243; img_size=\u00bbmedium\u00bb alignment=\u00bbright\u00bb][\/vc_column][\/vc_row][vc_row][vc_column][vc_column_text]<\/p>\n<h2 style=\"text-align: center;\"><strong><span style=\"font-size: 14pt;\">Actualmente, cultivamos <span style=\"font-size: 18pt;\">31 hect\u00e1reas*<\/span> en producci\u00f3n ecol\u00f3gica, distribuidas de la siguiente manera:<\/span><\/strong><\/h2>\n<p>[\/vc_column_text][vc_single_image image=\u00bb29690&#8243; img_size=\u00bbfull\u00bb alignment=\u00bbcenter\u00bb][vc_column_text]<\/p>\n<p style=\"text-align: center;\"><strong>*\u00c1rea aproximada, sujeta a ligeras variaciones derivadas de la gesti\u00f3n agr\u00edcola anual, especialmente la rotaci\u00f3n de cultivos, la planificaci\u00f3n de parcelas y los ajustes t\u00e9cnicos.<\/strong><\/p>\n<p>[\/vc_column_text][\/vc_column][\/vc_row][vc_row][vc_column css=\u00bb.vc_custom_1777047905717{margin-bottom: 40px !important;}\u00bb][vc_column_text]<\/p>\n<h2 style=\"text-align: center;\"><span style=\"font-size: 14pt;\"><strong>M\u00e1s informaci\u00f3n sobre la normativa europea<\/strong><\/span><\/h2>\n<p style=\"text-align: center;\">Consulte la normativa europea que define las reglas de la agricultura ecol\u00f3gica, disponible en varios idiomas.<\/p>\n<p>[\/vc_column_text]<style type=\"text\/css\" data-type=\"the7_shortcodes-inline-css\">#default-btn-ad7c2c30397b8da619baac64b968e5d2 > i {\n  font-size: 11px;\n}\n#default-btn-ad7c2c30397b8da619baac64b968e5d2 * {\n  vertical-align: middle;\n}\n<\/style><div class=\"btn-align-center\"><a href=\"https:\/\/eur-lex.europa.eu\/legal-content\/PT\/TXT\/?uri=CELEX%3A32018R0848\" class=\"default-btn-shortcode dt-btn dt-btn-l \" target=\"_blank\" id=\"default-btn-ad7c2c30397b8da619baac64b968e5d2\" title=\"Ver regulamento europeu\" rel=\"noopener\"><span>Ver normativa europea<\/span><\/a><\/div>[\/vc_column][\/vc_row][vc_row][vc_column][vc_single_image image=\u00bb29693&#8243; img_size=\u00bblarge\u00bb alignment=\u00bbcenter\u00bb onclick=\u00bbcustom_link\u00bb img_link_target=\u00bb_blank\u00bb link=\u00bbhttps:\/\/www.vitacress.pt\/catalogo-produtos-biologicos-2\/\u00bb][\/vc_column][\/vc_row][vc_row][vc_column][vc_single_image image=\u00bb29696&#8243; img_size=\u00bblarge\u00bb alignment=\u00bbcenter\u00bb onclick=\u00bbcustom_link\u00bb link=\u00bbhttps:\/\/www.vitacress.pt\/programa-second-nature-2\/\u00bb][\/vc_column][\/vc_row]<\/p>\n","protected":false},"excerpt":{"rendered":"<p>[vc_row][vc_column][\/vc_column][vc_column width=\u00bb1\/2&#8243;][vc_single_image image=\u00bb29335&#8243; img_size=\u00bblarge\u00bb alignment=\u00bbcenter\u00bb][\/vc_column][vc_column width=\u00bb1\/2&#8243;][vc_column_text] Producci\u00f3n Biol\u00f3gica en Vitacress La producci\u00f3n biol\u00f3gica sigue un conjunto riguroso de normas y procesos definidos por la normativa europea, garantizando pr\u00e1cticas sostenibles y el respeto por los ecosistemas. En Vitacress, aseguramos el cumplimiento de estos requisitos mediante el control de los factores de producci\u00f3n y de las pr\u00e1cticas&hellip;<\/p>\n","protected":false},"author":10,"featured_media":0,"parent":0,"menu_order":0,"comment_status":"closed","ping_status":"closed","template":"","meta":{"_acf_changed":false},"acf":[],"_links":{"self":[{"href":"https:\/\/www.vitacress.pt\/es\/wp-json\/wp\/v2\/pages\/29689"}],"collection":[{"href":"https:\/\/www.vitacress.pt\/es\/wp-json\/wp\/v2\/pages"}],"about":[{"href":"https:\/\/www.vitacress.pt\/es\/wp-json\/wp\/v2\/types\/page"}],"author":[{"embeddable":true,"href":"https:\/\/www.vitacress.pt\/es\/wp-json\/wp\/v2\/users\/10"}],"replies":[{"embeddable":true,"href":"https:\/\/www.vitacress.pt\/es\/wp-json\/wp\/v2\/comments?post=29689"}],"version-history":[{"count":5,"href":"https:\/\/www.vitacress.pt\/es\/wp-json\/wp\/v2\/pages\/29689\/revisions"}],"predecessor-version":[{"id":29727,"href":"https:\/\/www.vitacress.pt\/es\/wp-json\/wp\/v2\/pages\/29689\/revisions\/29727"}],"wp:attachment":[{"href":"https:\/\/www.vitacress.pt\/es\/wp-json\/wp\/v2\/media?parent=29689"}],"curies":[{"name":"wp","href":"https:\/\/api.w.org\/{rel}","templated":true}]}}